{"id":92,"date":"2023-12-29T02:51:58","date_gmt":"2023-12-29T01:51:58","guid":{"rendered":"https:\/\/designfurnitureppf.com\/?post_type=product&#038;p=92"},"modified":"2025-01-01T22:27:26","modified_gmt":"2025-01-01T21:27:26","slug":"lounge-chair-diseno-eames-black","status":"publish","type":"product","link":"https:\/\/designfurnitureppf.com\/index.php\/product\/lounge-chair-diseno-eames-black\/","title":{"rendered":"Lounge Chair Black Palisandro"},"content":{"rendered":"<p>Inspirado en el ic\u00f3nico dise\u00f1o de Charles y Ray Eames (1950, Los \u00c1ngeles).<\/p>\n<p>Se constituye por dos piezas, una silla Chaise Lounge ligeramente inclinada y un Ottoman a juego (reposapi\u00e9s)<\/p>\n<p><strong>Asiento y respaldo<\/strong>: madera pulida laminada con diferentes contrachapados: palisandro y nogal<\/p>\n<p><strong>Tapizado<\/strong>: piel vacuna genuina Premium en color negro Napa, Blanco y Marr\u00f3n Camel<\/p>\n<p><strong>Base<\/strong>: base giratoria de cinco radios para el Chaise Lounge y fija de cuatro radios para el Ottoman. Aleaci\u00f3n de metal de gran durabilidad<\/p>\n<p><strong>Relleno<\/strong>: esponja de alta densidad<\/p>\n<p><strong>Dimensiones<\/strong>: ver detalle en las im\u00e1genes del producto<\/p>\n<p>&nbsp;<\/p>\n","protected":false},"excerpt":{"rendered":"<p>Inspirado en el ic\u00f3nico dise\u00f1o de Charles y Ray Eames (1950, Los \u00c1ngeles). Se constituye por dos piezas, una silla Chaise Lounge ligeramente inclinada y un Ottoman a juego (reposapi\u00e9s) Asiento y respaldo: madera pulida laminada con diferentes contrachapados: palisandro y nogal Tapizado: piel vacuna genuina Premium en color negro Napa, Blanco y Marr\u00f3n Camel [&hellip;]<\/p>\n","protected":false},"featured_media":248,"comment_status":"open","ping_status":"closed","template":"","meta":{"_et_pb_use_builder":"","_et_pb_old_content":"","_et_gb_content_width":""},"product_brand":[],"product_cat":[18],"product_tag":[],"class_list":{"0":"post-92","1":"product","2":"type-product","3":"status-publish","4":"has-post-thumbnail","6":"product_cat-lounge-chair-charles-ray-eames-design","8":"first","9":"instock","10":"sale","11":"sold-individually","12":"shipping-taxable","13":"purchasable","14":"product-type-simple"},"jetpack_sharing_enabled":true,"_links":{"self":[{"href":"https:\/\/designfurnitureppf.com\/index.php\/wp-json\/wp\/v2\/product\/92","targetHints":{"allow":["GET"]}}],"collection":[{"href":"https:\/\/designfurnitureppf.com\/index.php\/wp-json\/wp\/v2\/product"}],"about":[{"href":"https:\/\/designfurnitureppf.com\/index.php\/wp-json\/wp\/v2\/types\/product"}],"replies":[{"embeddable":true,"href":"https:\/\/designfurnitureppf.com\/index.php\/wp-json\/wp\/v2\/comments?post=92"}],"wp:featuredmedia":[{"embeddable":true,"href":"https:\/\/designfurnitureppf.com\/index.php\/wp-json\/wp\/v2\/media\/248"}],"wp:attachment":[{"href":"https:\/\/designfurnitureppf.com\/index.php\/wp-json\/wp\/v2\/media?parent=92"}],"wp:term":[{"taxonomy":"product_brand","embeddable":true,"href":"https:\/\/designfurnitureppf.com\/index.php\/wp-json\/wp\/v2\/product_brand?post=92"},{"taxonomy":"product_cat","embeddable":true,"href":"https:\/\/designfurnitureppf.com\/index.php\/wp-json\/wp\/v2\/product_cat?post=92"},{"taxonomy":"product_tag","embeddable":true,"href":"https:\/\/designfurnitureppf.com\/index.php\/wp-json\/wp\/v2\/product_tag?post=92"}],"curies":[{"name":"wp","href":"https:\/\/api.w.org\/{rel}","templated":true}]}}