{"id":634,"date":"2024-08-20T19:14:20","date_gmt":"2024-08-20T17:14:20","guid":{"rendered":"https:\/\/designfurnitureppf.com\/?post_type=product&#038;p=634"},"modified":"2025-11-06T14:29:40","modified_gmt":"2025-11-06T13:29:40","slug":"mesa-diseno-noguchi-fresno-blanco","status":"publish","type":"product","link":"https:\/\/designfurnitureppf.com\/index.php\/product\/mesa-diseno-noguchi-fresno-blanco\/","title":{"rendered":"Mesa Dise\u00f1o Noguchi Fresno Blanco"},"content":{"rendered":"<p>Inspirado en el ic\u00f3nico dise\u00f1o de Isamu Noguchi para el director del MoMA (1944, New York).<\/p>\n<p>Se constituye por solo tres piezas, una tapa de vidrio plano y dos patas de madera maciza.<\/p>\n<p><strong>Asiento y respaldo<\/strong>: madera pulida laminada con diferentes contrachapados: palisandro y nogal<\/p>\n<p><strong>Cristal<\/strong>: cristal resistente de 1,9 cm de grosor, cantos redondeados<\/p>\n<p><strong>Estructura<\/strong>: base de madera maciza en nogal, fresno negro y fresno blanco<\/p>\n<p><strong>Dimensiones<\/strong>: ver detalle en las im\u00e1genes del producto<\/p>\n","protected":false},"excerpt":{"rendered":"<p>Inspirado en el ic\u00f3nico dise\u00f1o de Isamu Noguchi para el director del MoMA (1944, New York). Se constituye por solo tres piezas, una tapa de vidrio plano y dos patas de madera maciza. Asiento y respaldo: madera pulida laminada con diferentes contrachapados: palisandro y nogal Cristal: cristal resistente de 1,9 cm de grosor, cantos redondeados [&hellip;]<\/p>\n","protected":false},"featured_media":635,"comment_status":"open","ping_status":"closed","template":"","meta":{"_et_pb_use_builder":"","_et_pb_old_content":"","_et_gb_content_width":""},"product_brand":[],"product_cat":[15],"product_tag":[],"class_list":{"0":"post-634","1":"product","2":"type-product","3":"status-publish","4":"has-post-thumbnail","6":"product_cat-uncategorized","8":"first","9":"instock","10":"sale","11":"sold-individually","12":"shipping-taxable","13":"purchasable","14":"product-type-simple"},"jetpack_sharing_enabled":true,"_links":{"self":[{"href":"https:\/\/designfurnitureppf.com\/index.php\/wp-json\/wp\/v2\/product\/634","targetHints":{"allow":["GET"]}}],"collection":[{"href":"https:\/\/designfurnitureppf.com\/index.php\/wp-json\/wp\/v2\/product"}],"about":[{"href":"https:\/\/designfurnitureppf.com\/index.php\/wp-json\/wp\/v2\/types\/product"}],"replies":[{"embeddable":true,"href":"https:\/\/designfurnitureppf.com\/index.php\/wp-json\/wp\/v2\/comments?post=634"}],"wp:featuredmedia":[{"embeddable":true,"href":"https:\/\/designfurnitureppf.com\/index.php\/wp-json\/wp\/v2\/media\/635"}],"wp:attachment":[{"href":"https:\/\/designfurnitureppf.com\/index.php\/wp-json\/wp\/v2\/media?parent=634"}],"wp:term":[{"taxonomy":"product_brand","embeddable":true,"href":"https:\/\/designfurnitureppf.com\/index.php\/wp-json\/wp\/v2\/product_brand?post=634"},{"taxonomy":"product_cat","embeddable":true,"href":"https:\/\/designfurnitureppf.com\/index.php\/wp-json\/wp\/v2\/product_cat?post=634"},{"taxonomy":"product_tag","embeddable":true,"href":"https:\/\/designfurnitureppf.com\/index.php\/wp-json\/wp\/v2\/product_tag?post=634"}],"curies":[{"name":"wp","href":"https:\/\/api.w.org\/{rel}","templated":true}]}}