{"id":558,"date":"2024-02-10T00:48:23","date_gmt":"2024-02-09T23:48:23","guid":{"rendered":"https:\/\/designfurnitureppf.com\/?post_type=product&#038;p=558"},"modified":"2024-02-25T12:51:20","modified_gmt":"2024-02-25T11:51:20","slug":"silla-shell-diseno-ch07-black-nogal","status":"publish","type":"product","link":"https:\/\/designfurnitureppf.com\/index.php\/product\/silla-shell-diseno-ch07-black-nogal\/","title":{"rendered":"Silla Shell Dise\u00f1o CH07 Black Nogal"},"content":{"rendered":"<p>Inspirado en el ic\u00f3nico dise\u00f1o de Hans J. Wegner (1948, Dinamarca)<\/p>\n<p>Se constituye por una pieza, silla Shell<\/p>\n<p><strong>Asiento y respaldo<\/strong>: madera pulida laminada con contrachapado en palisandro americano<\/p>\n<p><strong>Tapizado<\/strong>: piel sint\u00e9tica PU (poli piel) en color negro Napa<\/p>\n<p><strong>Relleno<\/strong>: esponja de alta densidad<\/p>\n<p><strong>Dimensiones<\/strong>: ver detalle en las im\u00e1genes del producto<\/p>\n","protected":false},"excerpt":{"rendered":"<p>Inspirado en el ic\u00f3nico dise\u00f1o de Hans J. Wegner (1948, Dinamarca) Se constituye por una pieza, silla Shell Asiento y respaldo: madera pulida laminada con contrachapado en palisandro americano Tapizado: piel sint\u00e9tica PU (poli piel) en color negro Napa Relleno: esponja de alta densidad Dimensiones: ver detalle en las im\u00e1genes del producto<\/p>\n","protected":false},"featured_media":563,"comment_status":"open","ping_status":"closed","template":"","meta":{"_et_pb_use_builder":"","_et_pb_old_content":"","_et_gb_content_width":""},"product_brand":[],"product_cat":[15],"product_tag":[],"class_list":{"0":"post-558","1":"product","2":"type-product","3":"status-publish","4":"has-post-thumbnail","6":"product_cat-uncategorized","8":"first","9":"instock","10":"shipping-taxable","11":"purchasable","12":"product-type-simple"},"jetpack_sharing_enabled":true,"_links":{"self":[{"href":"https:\/\/designfurnitureppf.com\/index.php\/wp-json\/wp\/v2\/product\/558","targetHints":{"allow":["GET"]}}],"collection":[{"href":"https:\/\/designfurnitureppf.com\/index.php\/wp-json\/wp\/v2\/product"}],"about":[{"href":"https:\/\/designfurnitureppf.com\/index.php\/wp-json\/wp\/v2\/types\/product"}],"replies":[{"embeddable":true,"href":"https:\/\/designfurnitureppf.com\/index.php\/wp-json\/wp\/v2\/comments?post=558"}],"wp:featuredmedia":[{"embeddable":true,"href":"https:\/\/designfurnitureppf.com\/index.php\/wp-json\/wp\/v2\/media\/563"}],"wp:attachment":[{"href":"https:\/\/designfurnitureppf.com\/index.php\/wp-json\/wp\/v2\/media?parent=558"}],"wp:term":[{"taxonomy":"product_brand","embeddable":true,"href":"https:\/\/designfurnitureppf.com\/index.php\/wp-json\/wp\/v2\/product_brand?post=558"},{"taxonomy":"product_cat","embeddable":true,"href":"https:\/\/designfurnitureppf.com\/index.php\/wp-json\/wp\/v2\/product_cat?post=558"},{"taxonomy":"product_tag","embeddable":true,"href":"https:\/\/designfurnitureppf.com\/index.php\/wp-json\/wp\/v2\/product_tag?post=558"}],"curies":[{"name":"wp","href":"https:\/\/api.w.org\/{rel}","templated":true}]}}