{"id":106,"date":"2023-12-29T03:08:17","date_gmt":"2023-12-29T02:08:17","guid":{"rendered":"https:\/\/designfurnitureppf.com\/?post_type=product&#038;p=106"},"modified":"2025-11-06T14:32:45","modified_gmt":"2025-11-06T13:32:45","slug":"silla-shell-diseno-ch07-black","status":"publish","type":"product","link":"https:\/\/designfurnitureppf.com\/index.php\/product\/silla-shell-diseno-ch07-black\/","title":{"rendered":"Silla Shell Dise\u00f1o CH07 Black Palisandro"},"content":{"rendered":"<p>Inspirado en el ic\u00f3nico dise\u00f1o de Hans J. Wegner (1948, Dinamarca)<\/p>\n<p>Se constituye por una pieza, silla Shell<\/p>\n<p><strong>Asiento y respaldo<\/strong>: madera pulida laminada con contrachapado en palisandro americano<\/p>\n<p><strong>Tapizado<\/strong>: piel sint\u00e9tica PU (poli piel) en color negro Napa<\/p>\n<p><strong>Relleno<\/strong>: esponja de alta densidad<\/p>\n<p><strong>Dimensiones<\/strong>: ver detalle en las imagenes del producto<\/p>\n","protected":false},"excerpt":{"rendered":"<p>Inspirado en el ic\u00f3nico dise\u00f1o de Hans J. Wegner (1948, Dinamarca) Se constituye por una pieza, silla Shell Asiento y respaldo: madera pulida laminada con contrachapado en palisandro americano Tapizado: piel sint\u00e9tica PU (poli piel) en color negro Napa Relleno: esponja de alta densidad Dimensiones: ver detalle en las imagenes del producto<\/p>\n","protected":false},"featured_media":411,"comment_status":"open","ping_status":"closed","template":"","meta":{"_et_pb_use_builder":"","_et_pb_old_content":"","_et_gb_content_width":""},"product_brand":[],"product_cat":[15],"product_tag":[],"class_list":{"0":"post-106","1":"product","2":"type-product","3":"status-publish","4":"has-post-thumbnail","6":"product_cat-uncategorized","8":"first","9":"instock","10":"sold-individually","11":"shipping-taxable","12":"purchasable","13":"product-type-simple"},"jetpack_sharing_enabled":true,"_links":{"self":[{"href":"https:\/\/designfurnitureppf.com\/index.php\/wp-json\/wp\/v2\/product\/106","targetHints":{"allow":["GET"]}}],"collection":[{"href":"https:\/\/designfurnitureppf.com\/index.php\/wp-json\/wp\/v2\/product"}],"about":[{"href":"https:\/\/designfurnitureppf.com\/index.php\/wp-json\/wp\/v2\/types\/product"}],"replies":[{"embeddable":true,"href":"https:\/\/designfurnitureppf.com\/index.php\/wp-json\/wp\/v2\/comments?post=106"}],"wp:featuredmedia":[{"embeddable":true,"href":"https:\/\/designfurnitureppf.com\/index.php\/wp-json\/wp\/v2\/media\/411"}],"wp:attachment":[{"href":"https:\/\/designfurnitureppf.com\/index.php\/wp-json\/wp\/v2\/media?parent=106"}],"wp:term":[{"taxonomy":"product_brand","embeddable":true,"href":"https:\/\/designfurnitureppf.com\/index.php\/wp-json\/wp\/v2\/product_brand?post=106"},{"taxonomy":"product_cat","embeddable":true,"href":"https:\/\/designfurnitureppf.com\/index.php\/wp-json\/wp\/v2\/product_cat?post=106"},{"taxonomy":"product_tag","embeddable":true,"href":"https:\/\/designfurnitureppf.com\/index.php\/wp-json\/wp\/v2\/product_tag?post=106"}],"curies":[{"name":"wp","href":"https:\/\/api.w.org\/{rel}","templated":true}]}}